{"id":1283,"date":"2025-02-08T22:59:35","date_gmt":"2025-02-08T22:59:35","guid":{"rendered":"https:\/\/dmxtravel.com\/activities\/"},"modified":"2025-04-08T23:30:48","modified_gmt":"2025-04-08T23:30:48","slug":"actividades-en-mexico","status":"publish","type":"page","link":"https:\/\/dmxtravel.com\/es\/actividades-en-mexico\/","title":{"rendered":"Las Mejores Actividades En M\u00e9xico"},"content":{"rendered":"\t\t<div data-elementor-type=\"wp-page\" data-elementor-id=\"1283\" class=\"elementor elementor-1283\">\n\t\t\t\t<div class=\"elementor-element elementor-element-f44c217 e-flex e-con-boxed e-con e-parent\" data-id=\"f44c217\" data-element_type=\"container\" data-e-type=\"container\">\n\t\t\t\t\t<div class=\"e-con-inner\">\n\t\t\t\t<div class=\"elementor-element elementor-element-4bbe88c elementor-widget elementor-widget-spacer\" data-id=\"4bbe88c\" data-element_type=\"widget\" data-e-type=\"widget\" data-widget_type=\"spacer.default\">\n\t\t\t\t<div class=\"elementor-widget-container\">\n\t\t\t\t\t\t\t<div class=\"elementor-spacer\">\n\t\t\t<div class=\"elementor-spacer-inner\"><\/div>\n\t\t<\/div>\n\t\t\t\t\t\t<\/div>\n\t\t\t\t<\/div>\n\t\t\t\t\t<\/div>\n\t\t\t\t<\/div>\n\t\t<div class=\"elementor-element elementor-element-0f0dccd e-con-full e-flex e-con e-parent\" data-id=\"0f0dccd\" data-element_type=\"container\" data-e-type=\"container\" data-settings=\"{&quot;background_background&quot;:&quot;classic&quot;}\">\n\t\t\t\t<div class=\"elementor-element elementor-element-35058e1 animated-slow elementor-invisible elementor-widget elementor-widget-heading\" data-id=\"35058e1\" data-element_type=\"widget\" data-e-type=\"widget\" data-settings=\"{&quot;_animation&quot;:&quot;slideInLeft&quot;}\" data-widget_type=\"heading.default\">\n\t\t\t\t<div class=\"elementor-widget-container\">\n\t\t\t\t\t<h1 class=\"elementor-heading-title elementor-size-default\">Actividades En M\u00e9xico<\/h1>\t\t\t\t<\/div>\n\t\t\t\t<\/div>\n\t\t\t\t<div class=\"elementor-element elementor-element-8d27fd6 elementor-absolute animated-slow elementor-view-default elementor-invisible elementor-widget elementor-widget-icon\" data-id=\"8d27fd6\" data-element_type=\"widget\" data-e-type=\"widget\" data-settings=\"{&quot;_position&quot;:&quot;absolute&quot;,&quot;_animation&quot;:&quot;fadeInUp&quot;}\" data-widget_type=\"icon.default\">\n\t\t\t\t<div class=\"elementor-widget-container\">\n\t\t\t\t\t\t\t<div class=\"elementor-icon-wrapper\">\n\t\t\t<div class=\"elementor-icon\">\n\t\t\t<svg aria-hidden=\"true\" class=\"e-font-icon-svg e-fas-paper-plane\" viewBox=\"0 0 512 512\" xmlns=\"http:\/\/www.w3.org\/2000\/svg\"><path d=\"M476 3.2L12.5 270.6c-18.1 10.4-15.8 35.6 2.2 43.2L121 358.4l287.3-253.2c5.5-4.9 13.3 2.6 8.6 8.3L176 407v80.5c0 23.6 28.5 32.9 42.5 15.8L282 426l124.6 52.2c14.2 6 30.4-2.9 33-18.2l72-432C515 7.8 493.3-6.8 476 3.2z\"><\/path><\/svg>\t\t\t<\/div>\n\t\t<\/div>\n\t\t\t\t\t\t<\/div>\n\t\t\t\t<\/div>\n\t\t\t\t<div class=\"elementor-element elementor-element-465c73f elementor-absolute animated-slow elementor-view-default elementor-invisible elementor-widget elementor-widget-icon\" data-id=\"465c73f\" data-element_type=\"widget\" data-e-type=\"widget\" data-settings=\"{&quot;_position&quot;:&quot;absolute&quot;,&quot;_animation&quot;:&quot;fadeInRight&quot;}\" data-widget_type=\"icon.default\">\n\t\t\t\t<div class=\"elementor-widget-container\">\n\t\t\t\t\t\t\t<div class=\"elementor-icon-wrapper\">\n\t\t\t<div class=\"elementor-icon\">\n\t\t\t<svg aria-hidden=\"true\" class=\"e-font-icon-svg e-fas-umbrella-beach\" viewBox=\"0 0 640 512\" xmlns=\"http:\/\/www.w3.org\/2000\/svg\"><path d=\"M115.38 136.9l102.11 37.18c35.19-81.54 86.21-144.29 139-173.7-95.88-4.89-188.78 36.96-248.53 111.8-6.69 8.4-2.66 21.05 7.42 24.72zm132.25 48.16l238.48 86.83c35.76-121.38 18.7-231.66-42.63-253.98-7.4-2.7-15.13-4-23.09-4-58.02.01-128.27 69.17-172.76 171.15zM521.48 60.5c6.22 16.3 10.83 34.6 13.2 55.19 5.74 49.89-1.42 108.23-18.95 166.98l102.62 37.36c10.09 3.67 21.31-3.43 21.57-14.17 2.32-95.69-41.91-187.44-118.44-245.36zM560 447.98H321.06L386 269.5l-60.14-21.9-72.9 200.37H16c-8.84 0-16 7.16-16 16.01v32.01C0 504.83 7.16 512 16 512h544c8.84 0 16-7.17 16-16.01v-32.01c0-8.84-7.16-16-16-16z\"><\/path><\/svg>\t\t\t<\/div>\n\t\t<\/div>\n\t\t\t\t\t\t<\/div>\n\t\t\t\t<\/div>\n\t\t\t\t<div class=\"elementor-element elementor-element-bba614e elementor-widget__width-initial elementor-widget-mobile__width-inherit animated-slow elementor-invisible elementor-widget elementor-widget-text-editor\" data-id=\"bba614e\" data-element_type=\"widget\" data-e-type=\"widget\" data-settings=\"{&quot;_animation&quot;:&quot;slideInRight&quot;}\" data-widget_type=\"text-editor.default\">\n\t\t\t\t<div class=\"elementor-widget-container\">\n\t\t\t\t\t\t\t\t\t<p>Descubre los sitios m\u00e1s emblem\u00e1ticos de M\u00e9xico con actividades memorables<\/p>\t\t\t\t\t\t\t\t<\/div>\n\t\t\t\t<\/div>\n\t\t\t\t<div class=\"elementor-element elementor-element-32d1cb9 elementor-align-left animated-slow elementor-invisible elementor-widget elementor-widget-button\" data-id=\"32d1cb9\" data-element_type=\"widget\" data-e-type=\"widget\" data-settings=\"{&quot;_animation&quot;:&quot;slideInUp&quot;}\" data-widget_type=\"button.default\">\n\t\t\t\t<div class=\"elementor-widget-container\">\n\t\t\t\t\t\t\t\t\t<div class=\"elementor-button-wrapper\">\n\t\t\t\t\t<a class=\"elementor-button elementor-button-link elementor-size-sm elementor-animation-grow\" href=\"https:\/\/dmxtravel.com\/tours-privados-en-mexico\">\n\t\t\t\t\t\t<span class=\"elementor-button-content-wrapper\">\n\t\t\t\t\t\t\t\t\t<span class=\"elementor-button-text\">Tours Privados<\/span>\n\t\t\t\t\t<\/span>\n\t\t\t\t\t<\/a>\n\t\t\t\t<\/div>\n\t\t\t\t\t\t\t\t<\/div>\n\t\t\t\t<\/div>\n\t\t\t\t<\/div>\n\t\t\t\t<\/div>\n\t\t","protected":false},"excerpt":{"rendered":"<p>\u00a1Sal de la rutina! Explora de manera \u00fanica con nuestros tours y diferentes actividades en M\u00e9xico.<\/p>\n","protected":false},"author":1,"featured_media":1319,"parent":0,"menu_order":0,"comment_status":"closed","ping_status":"closed","template":"templates\/template-activities.php","meta":{"_joinchat":[],"footnotes":""},"class_list":["post-1283","page","type-page","status-publish","has-post-thumbnail","hentry"],"blocksy_meta":[],"_links":{"self":[{"href":"https:\/\/dmxtravel.com\/es\/wp-json\/wp\/v2\/pages\/1283","targetHints":{"allow":["GET"]}}],"collection":[{"href":"https:\/\/dmxtravel.com\/es\/wp-json\/wp\/v2\/pages"}],"about":[{"href":"https:\/\/dmxtravel.com\/es\/wp-json\/wp\/v2\/types\/page"}],"author":[{"embeddable":true,"href":"https:\/\/dmxtravel.com\/es\/wp-json\/wp\/v2\/users\/1"}],"replies":[{"embeddable":true,"href":"https:\/\/dmxtravel.com\/es\/wp-json\/wp\/v2\/comments?post=1283"}],"version-history":[{"count":0,"href":"https:\/\/dmxtravel.com\/es\/wp-json\/wp\/v2\/pages\/1283\/revisions"}],"wp:featuredmedia":[{"embeddable":true,"href":"https:\/\/dmxtravel.com\/es\/wp-json\/wp\/v2\/media\/1319"}],"wp:attachment":[{"href":"https:\/\/dmxtravel.com\/es\/wp-json\/wp\/v2\/media?parent=1283"}],"curies":[{"name":"wp","href":"https:\/\/api.w.org\/{rel}","templated":true}]}}